{"id":588,"date":"2021-09-24T04:28:20","date_gmt":"2021-09-24T04:28:20","guid":{"rendered":"http:\/\/vicmansolutions.com\/?page_id=588"},"modified":"2022-03-01T02:42:05","modified_gmt":"2022-03-01T02:42:05","slug":"maquinaria","status":"publish","type":"page","link":"https:\/\/vicmansolutions.com\/index.php\/maquinaria\/","title":{"rendered":"Maquinaria"},"content":{"rendered":"\t\t<div data-elementor-type=\"wp-page\" data-elementor-id=\"588\" class=\"elementor elementor-588\">\n\t\t\t\t\t\t\t\t\t<section class=\"elementor-section elementor-top-section elementor-element elementor-element-e2a0a1d elementor-hidden-mobile elementor-section-boxed elementor-section-height-default elementor-section-height-default\" data-id=\"e2a0a1d\" data-element_type=\"section\" data-settings=\"{&quot;background_background&quot;:&quot;classic&quot;}\">\n\t\t\t\t\t\t<div class=\"elementor-container elementor-column-gap-default\">\n\t\t\t\t\t<div class=\"elementor-column elementor-col-100 elementor-top-column elementor-element elementor-element-e2697ce\" data-id=\"e2697ce\" data-element_type=\"column\">\n\t\t\t<div class=\"elementor-widget-wrap\">\n\t\t\t\t\t\t\t\t\t<\/div>\n\t\t<\/div>\n\t\t\t\t\t\t\t<\/div>\n\t\t<\/section>\n\t\t\t\t<section class=\"elementor-section elementor-top-section elementor-element elementor-element-319b7ac elementor-hidden-desktop elementor-hidden-tablet elementor-section-boxed elementor-section-height-default elementor-section-height-default\" data-id=\"319b7ac\" data-element_type=\"section\" data-settings=\"{&quot;background_background&quot;:&quot;classic&quot;}\">\n\t\t\t\t\t\t<div class=\"elementor-container elementor-column-gap-default\">\n\t\t\t\t\t<div class=\"elementor-column elementor-col-100 elementor-top-column elementor-element elementor-element-e846d61\" data-id=\"e846d61\" data-element_type=\"column\">\n\t\t\t<div class=\"elementor-widget-wrap\">\n\t\t\t\t\t\t\t\t\t<\/div>\n\t\t<\/div>\n\t\t\t\t\t\t\t<\/div>\n\t\t<\/section>\n\t\t\t\t<section class=\"elementor-section elementor-top-section elementor-element elementor-element-8f2053d elementor-section-boxed elementor-section-height-default elementor-section-height-default\" data-id=\"8f2053d\" data-element_type=\"section\">\n\t\t\t\t\t\t<div class=\"elementor-container elementor-column-gap-default\">\n\t\t\t\t\t<div class=\"elementor-column elementor-col-16 elementor-top-column elementor-element elementor-element-62aaef7\" data-id=\"62aaef7\" data-element_type=\"column\">\n\t\t\t<div class=\"elementor-widget-wrap\">\n\t\t\t\t\t\t\t\t\t<\/div>\n\t\t<\/div>\n\t\t\t\t<div class=\"elementor-column elementor-col-66 elementor-top-column elementor-element elementor-element-dd5e686\" data-id=\"dd5e686\" data-element_type=\"column\">\n\t\t\t<div class=\"elementor-widget-wrap elementor-element-populated\">\n\t\t\t\t\t\t\t\t<div class=\"elementor-element elementor-element-6762688 elementor-widget elementor-widget-text-editor\" data-id=\"6762688\" data-element_type=\"widget\" data-widget_type=\"text-editor.default\">\n\t\t\t\t<div class=\"elementor-widget-container\">\n\t\t\t<style>\/*! elementor - v3.16.0 - 17-10-2023 *\/\n.elementor-widget-text-editor.elementor-drop-cap-view-stacked .elementor-drop-cap{background-color:#69727d;color:#fff}.elementor-widget-text-editor.elementor-drop-cap-view-framed .elementor-drop-cap{color:#69727d;border:3px solid;background-color:transparent}.elementor-widget-text-editor:not(.elementor-drop-cap-view-default) .elementor-drop-cap{margin-top:8px}.elementor-widget-text-editor:not(.elementor-drop-cap-view-default) .elementor-drop-cap-letter{width:1em;height:1em}.elementor-widget-text-editor .elementor-drop-cap{float:left;text-align:center;line-height:1;font-size:50px}.elementor-widget-text-editor .elementor-drop-cap-letter{display:inline-block}<\/style>\t\t\t\t<div class=\"container-data-product cke_editable cke_contents_ltr\"><p>M\u00e1quina semiautom\u00e1tica de plataforma giratoria, capaz de optimizar al m\u00e1ximo el consumo de pel\u00edcula.<\/p><\/div><div class=\"row\"><div class=\"col-xl-12\"><h5 class=\"color4 my-3\">CARACTER\u00cdSTICAS:<\/h5><div class=\"container-data-product cke_editable cke_contents_ltr mt-2 mb-2\"><ul><li>Nuevo dise\u00f1o y estructura de larga duraci\u00f3n.<\/li><li>Panel de control\u00a0<\/li><li>5 modos de operaci\u00f3n.<\/li><li>Alta Productividad\u00a0<\/li><li>Tecnolog\u00eda Impulsada por la Seguridad.<\/li><\/ul><\/div><\/div><\/div>\t\t\t\t\t\t<\/div>\n\t\t\t\t<\/div>\n\t\t\t\t\t<\/div>\n\t\t<\/div>\n\t\t\t\t<div class=\"elementor-column elementor-col-16 elementor-top-column elementor-element elementor-element-f86fd48\" data-id=\"f86fd48\" data-element_type=\"column\">\n\t\t\t<div class=\"elementor-widget-wrap\">\n\t\t\t\t\t\t\t\t\t<\/div>\n\t\t<\/div>\n\t\t\t\t\t\t\t<\/div>\n\t\t<\/section>\n\t\t\t\t<section class=\"elementor-section elementor-top-section elementor-element elementor-element-82137bf elementor-section-boxed elementor-section-height-default elementor-section-height-default\" data-id=\"82137bf\" data-element_type=\"section\">\n\t\t\t\t\t\t<div class=\"elementor-container elementor-column-gap-default\">\n\t\t\t\t\t<div class=\"elementor-column elementor-col-50 elementor-top-column elementor-element elementor-element-8e3ffe4\" data-id=\"8e3ffe4\" data-element_type=\"column\">\n\t\t\t<div class=\"elementor-widget-wrap elementor-element-populated\">\n\t\t\t\t\t\t\t\t<div class=\"elementor-element elementor-element-4d022cb elementor-widget elementor-widget-image\" data-id=\"4d022cb\" data-element_type=\"widget\" data-widget_type=\"image.default\">\n\t\t\t\t<div class=\"elementor-widget-container\">\n\t\t\t<style>\/*! elementor - v3.16.0 - 17-10-2023 *\/\n.elementor-widget-image{text-align:center}.elementor-widget-image a{display:inline-block}.elementor-widget-image a img[src$=\".svg\"]{width:48px}.elementor-widget-image img{vertical-align:middle;display:inline-block}<\/style>\t\t\t\t\t\t\t\t\t\t\t\t<img loading=\"lazy\" decoding=\"async\" width=\"512\" height=\"512\" src=\"https:\/\/vicmansolutions.com\/wp-content\/uploads\/2021\/10\/unnamed.png\" class=\"attachment-large size-large wp-image-606\" alt=\"\" srcset=\"https:\/\/vicmansolutions.com\/wp-content\/uploads\/2021\/10\/unnamed.png 512w, https:\/\/vicmansolutions.com\/wp-content\/uploads\/2021\/10\/unnamed-300x300.png 300w, https:\/\/vicmansolutions.com\/wp-content\/uploads\/2021\/10\/unnamed-150x150.png 150w\" sizes=\"auto, (max-width: 512px) 100vw, 512px\" \/>\t\t\t\t\t\t\t\t\t\t\t\t\t\t\t<\/div>\n\t\t\t\t<\/div>\n\t\t\t\t\t<\/div>\n\t\t<\/div>\n\t\t\t\t<div class=\"elementor-column elementor-col-50 elementor-top-column elementor-element elementor-element-0069aa1\" data-id=\"0069aa1\" data-element_type=\"column\">\n\t\t\t<div class=\"elementor-widget-wrap elementor-element-populated\">\n\t\t\t\t\t\t\t\t<div class=\"elementor-element elementor-element-1180f40 elementor-widget elementor-widget-image\" data-id=\"1180f40\" data-element_type=\"widget\" data-widget_type=\"image.default\">\n\t\t\t\t<div class=\"elementor-widget-container\">\n\t\t\t\t\t\t\t\t\t\t\t\t\t\t\t<img loading=\"lazy\" decoding=\"async\" width=\"512\" height=\"512\" src=\"https:\/\/vicmansolutions.com\/wp-content\/uploads\/2021\/10\/gggtgtgtgt.jpg\" class=\"attachment-large size-large wp-image-611\" alt=\"\" srcset=\"https:\/\/vicmansolutions.com\/wp-content\/uploads\/2021\/10\/gggtgtgtgt.jpg 512w, https:\/\/vicmansolutions.com\/wp-content\/uploads\/2021\/10\/gggtgtgtgt-300x300.jpg 300w, https:\/\/vicmansolutions.com\/wp-content\/uploads\/2021\/10\/gggtgtgtgt-150x150.jpg 150w\" sizes=\"auto, (max-width: 512px) 100vw, 512px\" \/>\t\t\t\t\t\t\t\t\t\t\t\t\t\t\t<\/div>\n\t\t\t\t<\/div>\n\t\t\t\t\t<\/div>\n\t\t<\/div>\n\t\t\t\t\t\t\t<\/div>\n\t\t<\/section>\n\t\t\t\t<section class=\"elementor-section elementor-top-section elementor-element elementor-element-1fe1c90 elementor-section-boxed elementor-section-height-default elementor-section-height-default\" data-id=\"1fe1c90\" data-element_type=\"section\">\n\t\t\t\t\t\t<div class=\"elementor-container elementor-column-gap-default\">\n\t\t\t\t\t<div class=\"elementor-column elementor-col-16 elementor-top-column elementor-element elementor-element-86854a4\" data-id=\"86854a4\" data-element_type=\"column\">\n\t\t\t<div class=\"elementor-widget-wrap\">\n\t\t\t\t\t\t\t\t\t<\/div>\n\t\t<\/div>\n\t\t\t\t<div class=\"elementor-column elementor-col-66 elementor-top-column elementor-element elementor-element-ececa6e\" data-id=\"ececa6e\" data-element_type=\"column\">\n\t\t\t<div class=\"elementor-widget-wrap elementor-element-populated\">\n\t\t\t\t\t\t\t\t<div class=\"elementor-element elementor-element-61cb981 elementor-widget elementor-widget-text-editor\" data-id=\"61cb981\" data-element_type=\"widget\" data-widget_type=\"text-editor.default\">\n\t\t\t\t<div class=\"elementor-widget-container\">\n\t\t\t\t\t\t\t<div class=\"container-data-product cke_editable cke_contents_ltr\">\u00a0<\/div><div class=\"row\"><div class=\"col-xl-12\"><div class=\"container-data-product cke_editable cke_contents_ltr mt-2 mb-2\"><p><strong style=\"font-size: 1.2em;\">UNA SOLUCI\u00d3N EFECTIVA<\/strong><\/p><p>La optimizaci\u00f3n del espacio productivo es un factor importante a considerarse en toda planta manufacturera.\u00a0 \u00a0 \u00a0\u00a0<\/p><p>Gracias a sus 3 zonas la m\u00e1quina es capaz de calcular una distancia de seguridad apropiada y detiene de forma inmediata en caso exista el peligro de acercamiento a la zona de operaci\u00f3n.<\/p><\/div><\/div><\/div>\t\t\t\t\t\t<\/div>\n\t\t\t\t<\/div>\n\t\t\t\t\t<\/div>\n\t\t<\/div>\n\t\t\t\t<div class=\"elementor-column elementor-col-16 elementor-top-column elementor-element elementor-element-813cbe1\" data-id=\"813cbe1\" data-element_type=\"column\">\n\t\t\t<div class=\"elementor-widget-wrap\">\n\t\t\t\t\t\t\t\t\t<\/div>\n\t\t<\/div>\n\t\t\t\t\t\t\t<\/div>\n\t\t<\/section>\n\t\t\t\t<section class=\"elementor-section elementor-top-section elementor-element elementor-element-e284ff1 elementor-section-boxed elementor-section-height-default elementor-section-height-default\" data-id=\"e284ff1\" data-element_type=\"section\">\n\t\t\t\t\t\t<div class=\"elementor-container elementor-column-gap-default\">\n\t\t\t\t\t<div class=\"elementor-column elementor-col-100 elementor-top-column elementor-element elementor-element-24d1581\" data-id=\"24d1581\" data-element_type=\"column\">\n\t\t\t<div class=\"elementor-widget-wrap elementor-element-populated\">\n\t\t\t\t\t\t\t\t<div class=\"elementor-element elementor-element-badce6f elementor-widget elementor-widget-image-gallery\" data-id=\"badce6f\" data-element_type=\"widget\" data-widget_type=\"image-gallery.default\">\n\t\t\t\t<div class=\"elementor-widget-container\">\n\t\t\t<style>\/*! elementor - v3.16.0 - 17-10-2023 *\/\n.elementor-image-gallery .gallery-item{display:inline-block;text-align:center;vertical-align:top;width:100%;max-width:100%;margin:0 auto}.elementor-image-gallery .gallery-item img{margin:0 auto}.elementor-image-gallery .gallery-item .gallery-caption{margin:0}.elementor-image-gallery figure img{display:block}.elementor-image-gallery figure figcaption{width:100%}.gallery-spacing-custom .elementor-image-gallery .gallery-icon{padding:0}@media (min-width:768px){.elementor-image-gallery .gallery-columns-2 .gallery-item{max-width:50%}.elementor-image-gallery .gallery-columns-3 .gallery-item{max-width:33.33%}.elementor-image-gallery .gallery-columns-4 .gallery-item{max-width:25%}.elementor-image-gallery .gallery-columns-5 .gallery-item{max-width:20%}.elementor-image-gallery .gallery-columns-6 .gallery-item{max-width:16.666%}.elementor-image-gallery .gallery-columns-7 .gallery-item{max-width:14.28%}.elementor-image-gallery .gallery-columns-8 .gallery-item{max-width:12.5%}.elementor-image-gallery .gallery-columns-9 .gallery-item{max-width:11.11%}.elementor-image-gallery .gallery-columns-10 .gallery-item{max-width:10%}}@media (min-width:480px) and (max-width:767px){.elementor-image-gallery .gallery.gallery-columns-2 .gallery-item,.elementor-image-gallery .gallery.gallery-columns-3 .gallery-item,.elementor-image-gallery .gallery.gallery-columns-4 .gallery-item,.elementor-image-gallery .gallery.gallery-columns-5 .gallery-item,.elementor-image-gallery .gallery.gallery-columns-6 .gallery-item,.elementor-image-gallery .gallery.gallery-columns-7 .gallery-item,.elementor-image-gallery .gallery.gallery-columns-8 .gallery-item,.elementor-image-gallery .gallery.gallery-columns-9 .gallery-item,.elementor-image-gallery .gallery.gallery-columns-10 .gallery-item{max-width:50%}}@media (max-width:479px){.elementor-image-gallery .gallery.gallery-columns-2 .gallery-item,.elementor-image-gallery .gallery.gallery-columns-3 .gallery-item,.elementor-image-gallery .gallery.gallery-columns-4 .gallery-item,.elementor-image-gallery .gallery.gallery-columns-5 .gallery-item,.elementor-image-gallery .gallery.gallery-columns-6 .gallery-item,.elementor-image-gallery .gallery.gallery-columns-7 .gallery-item,.elementor-image-gallery .gallery.gallery-columns-8 .gallery-item,.elementor-image-gallery .gallery.gallery-columns-9 .gallery-item,.elementor-image-gallery .gallery.gallery-columns-10 .gallery-item{max-width:100%}}<\/style>\t\t<div class=\"elementor-image-gallery\">\n\t\t\t<div id='gallery-1' class='gallery galleryid-588 gallery-columns-3 gallery-size-medium'><figure class='gallery-item'>\n\t\t\t<div class='gallery-icon landscape'>\n\t\t\t\t<a data-elementor-open-lightbox=\"yes\" data-elementor-lightbox-slideshow=\"badce6f\" data-elementor-lightbox-title=\"Nuevo proyecto (7)\" data-e-action-hash=\"#elementor-action%3Aaction%3Dlightbox%26settings%3DeyJpZCI6ODg0LCJ1cmwiOiJodHRwczpcL1wvdmljbWFuc29sdXRpb25zLmNvbVwvd3AtY29udGVudFwvdXBsb2Fkc1wvMjAyMVwvMTFcL051ZXZvLXByb3llY3RvLTcuanBnIiwic2xpZGVzaG93IjoiYmFkY2U2ZiJ9\" href='https:\/\/vicmansolutions.com\/wp-content\/uploads\/2021\/11\/Nuevo-proyecto-7.jpg'><img loading=\"lazy\" decoding=\"async\" width=\"300\" height=\"300\" src=\"https:\/\/vicmansolutions.com\/wp-content\/uploads\/2021\/11\/Nuevo-proyecto-7-300x300.jpg\" class=\"attachment-medium size-medium\" alt=\"\" srcset=\"https:\/\/vicmansolutions.com\/wp-content\/uploads\/2021\/11\/Nuevo-proyecto-7-300x300.jpg 300w, https:\/\/vicmansolutions.com\/wp-content\/uploads\/2021\/11\/Nuevo-proyecto-7-1024x1024.jpg 1024w, https:\/\/vicmansolutions.com\/wp-content\/uploads\/2021\/11\/Nuevo-proyecto-7-150x150.jpg 150w, https:\/\/vicmansolutions.com\/wp-content\/uploads\/2021\/11\/Nuevo-proyecto-7-768x768.jpg 768w, https:\/\/vicmansolutions.com\/wp-content\/uploads\/2021\/11\/Nuevo-proyecto-7.jpg 1080w\" sizes=\"auto, (max-width: 300px) 100vw, 300px\" \/><\/a>\n\t\t\t<\/div><\/figure><figure class='gallery-item'>\n\t\t\t<div class='gallery-icon landscape'>\n\t\t\t\t<a data-elementor-open-lightbox=\"yes\" data-elementor-lightbox-slideshow=\"badce6f\" data-elementor-lightbox-title=\"Nuevo proyecto (6)\" data-e-action-hash=\"#elementor-action%3Aaction%3Dlightbox%26settings%3DeyJpZCI6ODg1LCJ1cmwiOiJodHRwczpcL1wvdmljbWFuc29sdXRpb25zLmNvbVwvd3AtY29udGVudFwvdXBsb2Fkc1wvMjAyMVwvMTFcL051ZXZvLXByb3llY3RvLTYuanBnIiwic2xpZGVzaG93IjoiYmFkY2U2ZiJ9\" href='https:\/\/vicmansolutions.com\/wp-content\/uploads\/2021\/11\/Nuevo-proyecto-6.jpg'><img loading=\"lazy\" decoding=\"async\" width=\"300\" height=\"300\" src=\"https:\/\/vicmansolutions.com\/wp-content\/uploads\/2021\/11\/Nuevo-proyecto-6-300x300.jpg\" class=\"attachment-medium size-medium\" alt=\"\" srcset=\"https:\/\/vicmansolutions.com\/wp-content\/uploads\/2021\/11\/Nuevo-proyecto-6-300x300.jpg 300w, https:\/\/vicmansolutions.com\/wp-content\/uploads\/2021\/11\/Nuevo-proyecto-6-1024x1024.jpg 1024w, https:\/\/vicmansolutions.com\/wp-content\/uploads\/2021\/11\/Nuevo-proyecto-6-150x150.jpg 150w, https:\/\/vicmansolutions.com\/wp-content\/uploads\/2021\/11\/Nuevo-proyecto-6-768x768.jpg 768w, https:\/\/vicmansolutions.com\/wp-content\/uploads\/2021\/11\/Nuevo-proyecto-6.jpg 1080w\" sizes=\"auto, (max-width: 300px) 100vw, 300px\" \/><\/a>\n\t\t\t<\/div><\/figure><figure class='gallery-item'>\n\t\t\t<div class='gallery-icon landscape'>\n\t\t\t\t<a data-elementor-open-lightbox=\"yes\" data-elementor-lightbox-slideshow=\"badce6f\" data-elementor-lightbox-title=\"Nuevo proyecto (5)\" data-e-action-hash=\"#elementor-action%3Aaction%3Dlightbox%26settings%3DeyJpZCI6ODg2LCJ1cmwiOiJodHRwczpcL1wvdmljbWFuc29sdXRpb25zLmNvbVwvd3AtY29udGVudFwvdXBsb2Fkc1wvMjAyMVwvMTFcL051ZXZvLXByb3llY3RvLTUuanBnIiwic2xpZGVzaG93IjoiYmFkY2U2ZiJ9\" href='https:\/\/vicmansolutions.com\/wp-content\/uploads\/2021\/11\/Nuevo-proyecto-5.jpg'><img loading=\"lazy\" decoding=\"async\" width=\"300\" height=\"300\" src=\"https:\/\/vicmansolutions.com\/wp-content\/uploads\/2021\/11\/Nuevo-proyecto-5-300x300.jpg\" class=\"attachment-medium size-medium\" alt=\"\" srcset=\"https:\/\/vicmansolutions.com\/wp-content\/uploads\/2021\/11\/Nuevo-proyecto-5-300x300.jpg 300w, https:\/\/vicmansolutions.com\/wp-content\/uploads\/2021\/11\/Nuevo-proyecto-5-1024x1024.jpg 1024w, https:\/\/vicmansolutions.com\/wp-content\/uploads\/2021\/11\/Nuevo-proyecto-5-150x150.jpg 150w, https:\/\/vicmansolutions.com\/wp-content\/uploads\/2021\/11\/Nuevo-proyecto-5-768x768.jpg 768w, https:\/\/vicmansolutions.com\/wp-content\/uploads\/2021\/11\/Nuevo-proyecto-5.jpg 1080w\" sizes=\"auto, (max-width: 300px) 100vw, 300px\" \/><\/a>\n\t\t\t<\/div><\/figure>\n\t\t<\/div>\n\t\t<\/div>\n\t\t\t\t<\/div>\n\t\t\t\t<\/div>\n\t\t\t\t\t<\/div>\n\t\t<\/div>\n\t\t\t\t\t\t\t<\/div>\n\t\t<\/section>\n\t\t\t\t\t\t\t<\/div>\n\t\t","protected":false},"excerpt":{"rendered":"<p>M\u00e1quina semiautom\u00e1tica de plataforma giratoria, capaz de optimizar al m\u00e1ximo el consumo de pel\u00edcula. CARACTER\u00cdSTICAS: Nuevo dise\u00f1o y estructura de larga duraci\u00f3n. Panel de control\u00a0 5 modos de operaci\u00f3n. Alta Productividad\u00a0 Tecnolog\u00eda Impulsada por la Seguridad. \u00a0 UNA SOLUCI\u00d3N EFECTIVA La optimizaci\u00f3n del espacio productivo es un factor importante a considerarse en toda planta manufacturera.\u00a0 &hellip;<\/p>\n<p class=\"read-more\"> <a class=\"\" href=\"https:\/\/vicmansolutions.com\/index.php\/maquinaria\/\"> <span class=\"screen-reader-text\">Maquinaria<\/span> Read More &raquo;<\/a><\/p>\n","protected":false},"author":1,"featured_media":0,"parent":0,"menu_order":0,"comment_status":"closed","ping_status":"closed","template":"","meta":{"om_disable_all_campaigns":false,"_mi_skip_tracking":false,"_monsterinsights_sitenote_active":false,"_monsterinsights_sitenote_note":"","_monsterinsights_sitenote_category":0,"footnotes":""},"class_list":["post-588","page","type-page","status-publish","hentry"],"aioseo_notices":[],"_links":{"self":[{"href":"https:\/\/vicmansolutions.com\/index.php\/wp-json\/wp\/v2\/pages\/588","targetHints":{"allow":["GET"]}}],"collection":[{"href":"https:\/\/vicmansolutions.com\/index.php\/wp-json\/wp\/v2\/pages"}],"about":[{"href":"https:\/\/vicmansolutions.com\/index.php\/wp-json\/wp\/v2\/types\/page"}],"author":[{"embeddable":true,"href":"https:\/\/vicmansolutions.com\/index.php\/wp-json\/wp\/v2\/users\/1"}],"replies":[{"embeddable":true,"href":"https:\/\/vicmansolutions.com\/index.php\/wp-json\/wp\/v2\/comments?post=588"}],"version-history":[{"count":42,"href":"https:\/\/vicmansolutions.com\/index.php\/wp-json\/wp\/v2\/pages\/588\/revisions"}],"predecessor-version":[{"id":996,"href":"https:\/\/vicmansolutions.com\/index.php\/wp-json\/wp\/v2\/pages\/588\/revisions\/996"}],"wp:attachment":[{"href":"https:\/\/vicmansolutions.com\/index.php\/wp-json\/wp\/v2\/media?parent=588"}],"curies":[{"name":"wp","href":"https:\/\/api.w.org\/{rel}","templated":true}]}}