{"id":538,"date":"2021-09-22T03:15:27","date_gmt":"2021-09-22T03:15:27","guid":{"rendered":"http:\/\/vicmansolutions.com\/?page_id=538"},"modified":"2022-03-01T02:56:34","modified_gmt":"2022-03-01T02:56:34","slug":"stretch-film","status":"publish","type":"page","link":"https:\/\/vicmansolutions.com\/index.php\/stretch-film\/","title":{"rendered":"Stretch film"},"content":{"rendered":"\t\t<div data-elementor-type=\"wp-page\" data-elementor-id=\"538\" class=\"elementor elementor-538\">\n\t\t\t\t\t\t\t\t\t<section class=\"elementor-section elementor-top-section elementor-element elementor-element-e93346f elementor-hidden-mobile elementor-section-boxed elementor-section-height-default elementor-section-height-default\" data-id=\"e93346f\" data-element_type=\"section\" data-settings=\"{&quot;background_background&quot;:&quot;classic&quot;}\">\n\t\t\t\t\t\t<div class=\"elementor-container elementor-column-gap-default\">\n\t\t\t\t\t<div class=\"elementor-column elementor-col-100 elementor-top-column elementor-element elementor-element-e9c63fc\" data-id=\"e9c63fc\" data-element_type=\"column\">\n\t\t\t<div class=\"elementor-widget-wrap\">\n\t\t\t\t\t\t\t\t\t<\/div>\n\t\t<\/div>\n\t\t\t\t\t\t\t<\/div>\n\t\t<\/section>\n\t\t\t\t<section class=\"elementor-section elementor-top-section elementor-element elementor-element-d582b9d elementor-hidden-desktop elementor-hidden-tablet elementor-section-boxed elementor-section-height-default elementor-section-height-default\" data-id=\"d582b9d\" data-element_type=\"section\" data-settings=\"{&quot;background_background&quot;:&quot;classic&quot;}\">\n\t\t\t\t\t\t<div class=\"elementor-container elementor-column-gap-default\">\n\t\t\t\t\t<div class=\"elementor-column elementor-col-100 elementor-top-column elementor-element elementor-element-0761b2f\" data-id=\"0761b2f\" data-element_type=\"column\">\n\t\t\t<div class=\"elementor-widget-wrap\">\n\t\t\t\t\t\t\t\t\t<\/div>\n\t\t<\/div>\n\t\t\t\t\t\t\t<\/div>\n\t\t<\/section>\n\t\t\t\t<section class=\"elementor-section elementor-top-section elementor-element elementor-element-fe87778 elementor-section-boxed elementor-section-height-default elementor-section-height-default\" data-id=\"fe87778\" data-element_type=\"section\">\n\t\t\t\t\t\t<div class=\"elementor-container elementor-column-gap-default\">\n\t\t\t\t\t<div class=\"elementor-column elementor-col-100 elementor-top-column elementor-element elementor-element-2fbea4d\" data-id=\"2fbea4d\" data-element_type=\"column\">\n\t\t\t<div class=\"elementor-widget-wrap elementor-element-populated\">\n\t\t\t\t\t\t\t\t<div class=\"elementor-element elementor-element-f950291 elementor-widget elementor-widget-text-editor\" data-id=\"f950291\" data-element_type=\"widget\" data-widget_type=\"text-editor.default\">\n\t\t\t\t<div class=\"elementor-widget-container\">\n\t\t\t<style>\/*! elementor - v3.16.0 - 17-10-2023 *\/\n.elementor-widget-text-editor.elementor-drop-cap-view-stacked .elementor-drop-cap{background-color:#69727d;color:#fff}.elementor-widget-text-editor.elementor-drop-cap-view-framed .elementor-drop-cap{color:#69727d;border:3px solid;background-color:transparent}.elementor-widget-text-editor:not(.elementor-drop-cap-view-default) .elementor-drop-cap{margin-top:8px}.elementor-widget-text-editor:not(.elementor-drop-cap-view-default) .elementor-drop-cap-letter{width:1em;height:1em}.elementor-widget-text-editor .elementor-drop-cap{float:left;text-align:center;line-height:1;font-size:50px}.elementor-widget-text-editor .elementor-drop-cap-letter{display:inline-block}<\/style>\t\t\t\t<p style=\"text-align: center;\">Es una pel\u00edcula de polietileno lineal de baja densidad con una cara de adhesivo, se obtiene a trav\u00e9s de un proceso de co-extrusi\u00f3n simult\u00e1nea, con buena resistencia mec\u00e1nica a pesar de su bajo espesor, film especial para envolver sus productos y mercanc\u00edas asegurando en su almacenamiento protegerla contra agentes externos como la humedad y el polvo.<\/p>\t\t\t\t\t\t<\/div>\n\t\t\t\t<\/div>\n\t\t\t\t\t<\/div>\n\t\t<\/div>\n\t\t\t\t\t\t\t<\/div>\n\t\t<\/section>\n\t\t\t\t<section class=\"elementor-section elementor-top-section elementor-element elementor-element-3009e6e elementor-section-boxed elementor-section-height-default elementor-section-height-default\" data-id=\"3009e6e\" data-element_type=\"section\">\n\t\t\t\t\t\t<div class=\"elementor-container elementor-column-gap-default\">\n\t\t\t\t\t<div class=\"elementor-column elementor-col-100 elementor-top-column elementor-element elementor-element-50fae5f\" data-id=\"50fae5f\" data-element_type=\"column\">\n\t\t\t<div class=\"elementor-widget-wrap elementor-element-populated\">\n\t\t\t\t\t\t\t\t<div class=\"elementor-element elementor-element-6f3991f gallery-spacing-custom elementor-widget elementor-widget-image-gallery\" data-id=\"6f3991f\" data-element_type=\"widget\" data-widget_type=\"image-gallery.default\">\n\t\t\t\t<div class=\"elementor-widget-container\">\n\t\t\t<style>\/*! elementor - v3.16.0 - 17-10-2023 *\/\n.elementor-image-gallery .gallery-item{display:inline-block;text-align:center;vertical-align:top;width:100%;max-width:100%;margin:0 auto}.elementor-image-gallery .gallery-item img{margin:0 auto}.elementor-image-gallery .gallery-item .gallery-caption{margin:0}.elementor-image-gallery figure img{display:block}.elementor-image-gallery figure figcaption{width:100%}.gallery-spacing-custom .elementor-image-gallery .gallery-icon{padding:0}@media (min-width:768px){.elementor-image-gallery .gallery-columns-2 .gallery-item{max-width:50%}.elementor-image-gallery .gallery-columns-3 .gallery-item{max-width:33.33%}.elementor-image-gallery .gallery-columns-4 .gallery-item{max-width:25%}.elementor-image-gallery .gallery-columns-5 .gallery-item{max-width:20%}.elementor-image-gallery .gallery-columns-6 .gallery-item{max-width:16.666%}.elementor-image-gallery .gallery-columns-7 .gallery-item{max-width:14.28%}.elementor-image-gallery .gallery-columns-8 .gallery-item{max-width:12.5%}.elementor-image-gallery .gallery-columns-9 .gallery-item{max-width:11.11%}.elementor-image-gallery .gallery-columns-10 .gallery-item{max-width:10%}}@media (min-width:480px) and (max-width:767px){.elementor-image-gallery .gallery.gallery-columns-2 .gallery-item,.elementor-image-gallery .gallery.gallery-columns-3 .gallery-item,.elementor-image-gallery .gallery.gallery-columns-4 .gallery-item,.elementor-image-gallery .gallery.gallery-columns-5 .gallery-item,.elementor-image-gallery .gallery.gallery-columns-6 .gallery-item,.elementor-image-gallery .gallery.gallery-columns-7 .gallery-item,.elementor-image-gallery .gallery.gallery-columns-8 .gallery-item,.elementor-image-gallery .gallery.gallery-columns-9 .gallery-item,.elementor-image-gallery .gallery.gallery-columns-10 .gallery-item{max-width:50%}}@media (max-width:479px){.elementor-image-gallery .gallery.gallery-columns-2 .gallery-item,.elementor-image-gallery .gallery.gallery-columns-3 .gallery-item,.elementor-image-gallery .gallery.gallery-columns-4 .gallery-item,.elementor-image-gallery .gallery.gallery-columns-5 .gallery-item,.elementor-image-gallery .gallery.gallery-columns-6 .gallery-item,.elementor-image-gallery .gallery.gallery-columns-7 .gallery-item,.elementor-image-gallery .gallery.gallery-columns-8 .gallery-item,.elementor-image-gallery .gallery.gallery-columns-9 .gallery-item,.elementor-image-gallery .gallery.gallery-columns-10 .gallery-item{max-width:100%}}<\/style>\t\t<div class=\"elementor-image-gallery\">\n\t\t\t<div id='gallery-1' class='gallery galleryid-538 gallery-columns-4 gallery-size-medium'><figure class='gallery-item'>\n\t\t\t<div class='gallery-icon portrait'>\n\t\t\t\t<a data-elementor-open-lightbox=\"yes\" data-elementor-lightbox-slideshow=\"6f3991f\" data-elementor-lightbox-title=\"20170504_090913\" data-e-action-hash=\"#elementor-action%3Aaction%3Dlightbox%26settings%3DeyJpZCI6NTQxLCJ1cmwiOiJodHRwczpcL1wvdmljbWFuc29sdXRpb25zLmNvbVwvd3AtY29udGVudFwvdXBsb2Fkc1wvMjAyMVwvMDlcLzIwMTcwNTA0XzA5MDkxMy5qcGciLCJzbGlkZXNob3ciOiI2ZjM5OTFmIn0%3D\" href='https:\/\/vicmansolutions.com\/wp-content\/uploads\/2021\/09\/20170504_090913.jpg'><img loading=\"lazy\" decoding=\"async\" width=\"277\" height=\"300\" src=\"https:\/\/vicmansolutions.com\/wp-content\/uploads\/2021\/09\/20170504_090913-277x300.jpg\" class=\"attachment-medium size-medium\" alt=\"\" srcset=\"https:\/\/vicmansolutions.com\/wp-content\/uploads\/2021\/09\/20170504_090913-277x300.jpg 277w, https:\/\/vicmansolutions.com\/wp-content\/uploads\/2021\/09\/20170504_090913-944x1024.jpg 944w, https:\/\/vicmansolutions.com\/wp-content\/uploads\/2021\/09\/20170504_090913-768x833.jpg 768w, https:\/\/vicmansolutions.com\/wp-content\/uploads\/2021\/09\/20170504_090913.jpg 996w\" sizes=\"auto, (max-width: 277px) 100vw, 277px\" \/><\/a>\n\t\t\t<\/div><\/figure><figure class='gallery-item'>\n\t\t\t<div class='gallery-icon portrait'>\n\t\t\t\t<a data-elementor-open-lightbox=\"yes\" data-elementor-lightbox-slideshow=\"6f3991f\" data-elementor-lightbox-title=\"IMG_20200911_143847\" data-e-action-hash=\"#elementor-action%3Aaction%3Dlightbox%26settings%3DeyJpZCI6NTQyLCJ1cmwiOiJodHRwczpcL1wvdmljbWFuc29sdXRpb25zLmNvbVwvd3AtY29udGVudFwvdXBsb2Fkc1wvMjAyMVwvMDlcL0lNR18yMDIwMDkxMV8xNDM4NDcuanBnIiwic2xpZGVzaG93IjoiNmYzOTkxZiJ9\" href='https:\/\/vicmansolutions.com\/wp-content\/uploads\/2021\/09\/IMG_20200911_143847.jpg'><img loading=\"lazy\" decoding=\"async\" width=\"277\" height=\"300\" src=\"https:\/\/vicmansolutions.com\/wp-content\/uploads\/2021\/09\/IMG_20200911_143847-277x300.jpg\" class=\"attachment-medium size-medium\" alt=\"\" srcset=\"https:\/\/vicmansolutions.com\/wp-content\/uploads\/2021\/09\/IMG_20200911_143847-277x300.jpg 277w, https:\/\/vicmansolutions.com\/wp-content\/uploads\/2021\/09\/IMG_20200911_143847-944x1024.jpg 944w, https:\/\/vicmansolutions.com\/wp-content\/uploads\/2021\/09\/IMG_20200911_143847-768x833.jpg 768w, https:\/\/vicmansolutions.com\/wp-content\/uploads\/2021\/09\/IMG_20200911_143847.jpg 996w\" sizes=\"auto, (max-width: 277px) 100vw, 277px\" \/><\/a>\n\t\t\t<\/div><\/figure><figure class='gallery-item'>\n\t\t\t<div class='gallery-icon portrait'>\n\t\t\t\t<a data-elementor-open-lightbox=\"yes\" data-elementor-lightbox-slideshow=\"6f3991f\" data-elementor-lightbox-title=\"New Project (1)\" data-e-action-hash=\"#elementor-action%3Aaction%3Dlightbox%26settings%3DeyJpZCI6NTQzLCJ1cmwiOiJodHRwczpcL1wvdmljbWFuc29sdXRpb25zLmNvbVwvd3AtY29udGVudFwvdXBsb2Fkc1wvMjAyMVwvMDlcL05ldy1Qcm9qZWN0LTEuanBnIiwic2xpZGVzaG93IjoiNmYzOTkxZiJ9\" href='https:\/\/vicmansolutions.com\/wp-content\/uploads\/2021\/09\/New-Project-1.jpg'><img loading=\"lazy\" decoding=\"async\" width=\"277\" height=\"300\" src=\"https:\/\/vicmansolutions.com\/wp-content\/uploads\/2021\/09\/New-Project-1-277x300.jpg\" class=\"attachment-medium size-medium\" alt=\"\" srcset=\"https:\/\/vicmansolutions.com\/wp-content\/uploads\/2021\/09\/New-Project-1-277x300.jpg 277w, https:\/\/vicmansolutions.com\/wp-content\/uploads\/2021\/09\/New-Project-1-944x1024.jpg 944w, https:\/\/vicmansolutions.com\/wp-content\/uploads\/2021\/09\/New-Project-1-768x833.jpg 768w, https:\/\/vicmansolutions.com\/wp-content\/uploads\/2021\/09\/New-Project-1.jpg 996w\" sizes=\"auto, (max-width: 277px) 100vw, 277px\" \/><\/a>\n\t\t\t<\/div><\/figure><figure class='gallery-item'>\n\t\t\t<div class='gallery-icon portrait'>\n\t\t\t\t<a data-elementor-open-lightbox=\"yes\" data-elementor-lightbox-slideshow=\"6f3991f\" data-elementor-lightbox-title=\"IMG-20191214-WA0009-8-1024x576 (5)\" data-e-action-hash=\"#elementor-action%3Aaction%3Dlightbox%26settings%3DeyJpZCI6NTQ0LCJ1cmwiOiJodHRwczpcL1wvdmljbWFuc29sdXRpb25zLmNvbVwvd3AtY29udGVudFwvdXBsb2Fkc1wvMjAyMVwvMDlcL0lNRy0yMDE5MTIxNC1XQTAwMDktOC0xMDI0eDU3Ni01LmpwZyIsInNsaWRlc2hvdyI6IjZmMzk5MWYifQ%3D%3D\" href='https:\/\/vicmansolutions.com\/wp-content\/uploads\/2021\/09\/IMG-20191214-WA0009-8-1024x576-5.jpg'><img loading=\"lazy\" decoding=\"async\" width=\"277\" height=\"300\" src=\"https:\/\/vicmansolutions.com\/wp-content\/uploads\/2021\/09\/IMG-20191214-WA0009-8-1024x576-5-277x300.jpg\" class=\"attachment-medium size-medium\" alt=\"\" srcset=\"https:\/\/vicmansolutions.com\/wp-content\/uploads\/2021\/09\/IMG-20191214-WA0009-8-1024x576-5-277x300.jpg 277w, https:\/\/vicmansolutions.com\/wp-content\/uploads\/2021\/09\/IMG-20191214-WA0009-8-1024x576-5-944x1024.jpg 944w, https:\/\/vicmansolutions.com\/wp-content\/uploads\/2021\/09\/IMG-20191214-WA0009-8-1024x576-5-768x833.jpg 768w, https:\/\/vicmansolutions.com\/wp-content\/uploads\/2021\/09\/IMG-20191214-WA0009-8-1024x576-5.jpg 996w\" sizes=\"auto, (max-width: 277px) 100vw, 277px\" \/><\/a>\n\t\t\t<\/div><\/figure>\n\t\t<\/div>\n\t\t<\/div>\n\t\t\t\t<\/div>\n\t\t\t\t<\/div>\n\t\t\t\t\t<\/div>\n\t\t<\/div>\n\t\t\t\t\t\t\t<\/div>\n\t\t<\/section>\n\t\t\t\t\t\t\t<\/div>\n\t\t","protected":false},"excerpt":{"rendered":"<p>Es una pel\u00edcula de polietileno lineal de baja densidad con una cara de adhesivo, se obtiene a trav\u00e9s de un proceso de co-extrusi\u00f3n simult\u00e1nea, con buena resistencia mec\u00e1nica a pesar de su bajo espesor, film especial para envolver sus productos y mercanc\u00edas asegurando en su almacenamiento protegerla contra agentes externos como la humedad y el &hellip;<\/p>\n<p class=\"read-more\"> <a class=\"\" href=\"https:\/\/vicmansolutions.com\/index.php\/stretch-film\/\"> <span class=\"screen-reader-text\">Stretch film<\/span> Read More &raquo;<\/a><\/p>\n","protected":false},"author":1,"featured_media":0,"parent":0,"menu_order":0,"comment_status":"closed","ping_status":"closed","template":"","meta":{"om_disable_all_campaigns":false,"_mi_skip_tracking":false,"_monsterinsights_sitenote_active":false,"_monsterinsights_sitenote_note":"","_monsterinsights_sitenote_category":0,"footnotes":""},"class_list":["post-538","page","type-page","status-publish","hentry"],"aioseo_notices":[],"_links":{"self":[{"href":"https:\/\/vicmansolutions.com\/index.php\/wp-json\/wp\/v2\/pages\/538","targetHints":{"allow":["GET"]}}],"collection":[{"href":"https:\/\/vicmansolutions.com\/index.php\/wp-json\/wp\/v2\/pages"}],"about":[{"href":"https:\/\/vicmansolutions.com\/index.php\/wp-json\/wp\/v2\/types\/page"}],"author":[{"embeddable":true,"href":"https:\/\/vicmansolutions.com\/index.php\/wp-json\/wp\/v2\/users\/1"}],"replies":[{"embeddable":true,"href":"https:\/\/vicmansolutions.com\/index.php\/wp-json\/wp\/v2\/comments?post=538"}],"version-history":[{"count":72,"href":"https:\/\/vicmansolutions.com\/index.php\/wp-json\/wp\/v2\/pages\/538\/revisions"}],"predecessor-version":[{"id":1007,"href":"https:\/\/vicmansolutions.com\/index.php\/wp-json\/wp\/v2\/pages\/538\/revisions\/1007"}],"wp:attachment":[{"href":"https:\/\/vicmansolutions.com\/index.php\/wp-json\/wp\/v2\/media?parent=538"}],"curies":[{"name":"wp","href":"https:\/\/api.w.org\/{rel}","templated":true}]}}